{"id":782,"date":"2025-10-17T08:32:34","date_gmt":"2025-10-17T08:32:34","guid":{"rendered":"https:\/\/fortius.asia\/kayttoehdot\/"},"modified":"2025-11-04T20:08:17","modified_gmt":"2025-11-04T20:08:17","slug":"kayttoehdot","status":"publish","type":"page","link":"https:\/\/fortius.asia\/fi\/kayttoehdot\/","title":{"rendered":"K\u00e4ytt\u00f6ehdot"},"content":{"rendered":"<p>[et_pb_section fb_built=&#8221;1&#8243; custom_padding_last_edited=&#8221;on|phone&#8221; _builder_version=&#8221;4.27.4&#8243; _module_preset=&#8221;default&#8221; background_image=&#8221;https:\/\/fortius.asia\/wp-content\/uploads\/2025\/10\/Hero-Iamge-1.webp&#8221; custom_padding=&#8221;215px||215px|||&#8221; custom_padding_tablet=&#8221;215px||215px|||&#8221; custom_padding_phone=&#8221;100px||100px||true|false&#8221; locked=&#8221;off&#8221; global_colors_info=&#8221;{}&#8221;][et_pb_row _builder_version=&#8221;4.27.4&#8243; _module_preset=&#8221;default&#8221; global_colors_info=&#8221;{}&#8221;][et_pb_column type=&#8221;4_4&#8243; _builder_version=&#8221;4.27.4&#8243; _module_preset=&#8221;default&#8221; global_colors_info=&#8221;{}&#8221;][et_pb_text _builder_version=&#8221;4.27.4&#8243; _module_preset=&#8221;default&#8221; text_font=&#8221;&#8211;et_global_body_font||||||||&#8221; text_text_color=&#8221;#dcdcdc&#8221; header_2_font=&#8221;&#8211;et_global_body_font||||||||&#8221; header_2_text_color=&#8221;#FFFFFF&#8221; header_2_font_size=&#8221;50px&#8221; custom_padding=&#8221;||0px|||&#8221; hover_enabled=&#8221;0&#8243; header_2_font_tablet=&#8221;Gugi||||||||&#8221; header_2_font_phone=&#8221;Gugi||||||||&#8221; header_2_font_last_edited=&#8221;on|desktop&#8221; header_2_font_size_tablet=&#8221;50px&#8221; header_2_font_size_phone=&#8221;30px&#8221; header_2_font_size_last_edited=&#8221;on|phone&#8221; global_colors_info=&#8221;{}&#8221; sticky_enabled=&#8221;0&#8243;]<\/p>\n<h2 style=\"text-align: center;\">K\u00e4ytt\u00f6ehdot<\/h2>\n<p>[\/et_pb_text][\/et_pb_column][\/et_pb_row][\/et_pb_section][et_pb_section fb_built=&#8221;1&#8243; _builder_version=&#8221;4.27.4&#8243; _module_preset=&#8221;default&#8221; global_colors_info=&#8221;{}&#8221;][et_pb_row _builder_version=&#8221;4.27.4&#8243; _module_preset=&#8221;default&#8221; global_colors_info=&#8221;{}&#8221;][et_pb_column type=&#8221;4_4&#8243; _builder_version=&#8221;4.27.4&#8243; _module_preset=&#8221;default&#8221; global_colors_info=&#8221;{}&#8221;][et_pb_text _builder_version=&#8221;4.27.4&#8243; _module_preset=&#8221;default&#8221; hover_enabled=&#8221;0&#8243; global_colors_info=&#8221;{}&#8221; header_font=&#8221;&#8211;et_global_body_font||||||||&#8221; header_2_font=&#8221;&#8211;et_global_body_font||||||||&#8221; sticky_enabled=&#8221;0&#8243;]<\/p>\n<h1 data-pm-slice=\"1 3 []\">Palvelun k\u00e4ytt\u00f6ehdot<\/h1>\n<p><strong>Viimeksi p\u00e4ivitetty:<\/strong> 17. lokakuuta 2025<\/p>\n<p>Lue n\u00e4m\u00e4 k\u00e4ytt\u00f6ehdot (&#8220;Ehdot&#8221;, &#8220;Palvelun ehdot&#8221;) huolellisesti ennen kuin k\u00e4yt\u00e4t verkkosivustoa <strong>Fortius.asia<\/strong> (&#8220;Palvelu&#8221;), jota yll\u00e4pit\u00e4\u00e4 <strong>Fortius International Trading<\/strong> (&#8220;me&#8221;, &#8220;meit\u00e4&#8221; tai &#8220;meid\u00e4n&#8221;).<\/p>\n<p>P\u00e4\u00e4sysi ja k\u00e4ytt\u00f6si Palveluun on ehdollinen n\u00e4iden Ehtojen hyv\u00e4ksymiselle ja noudattamiselle. N\u00e4m\u00e4 Ehdot koskevat kaikkia vierailijoita, k\u00e4ytt\u00e4ji\u00e4 ja muita, jotka haluavat k\u00e4ytt\u00e4\u00e4 Palvelua.<\/p>\n<h2>1. Sopimus Ehtoihin<\/h2>\n<p>K\u00e4ytt\u00e4m\u00e4ll\u00e4 Palvelua sitoudut noudattamaan n\u00e4it\u00e4 Ehtoja. Jos et hyv\u00e4ksy mit\u00e4\u00e4n osaa ehdoista, sinulla ei ole lupaa k\u00e4ytt\u00e4\u00e4 Palvelua.<\/p>\n<h2>2. Palvelut ja Ei Sijoitusneuvontaa<\/h2>\n<h3>A. Palvelun Kuvaus<\/h3>\n<p>[Fortius International Trading] tarjoaa alustan ja siihen liittyvi\u00e4 palveluita kansainv\u00e4liseen kaupank\u00e4yntiin, markkinatietoon ja mahdollisesti v\u00e4lityspalveluihin.<\/p>\n<h3>B. Ei Sijoitusneuvontaa<\/h3>\n<p><strong>Tunnustat, ett\u00e4 [Fortius International Trading] EI ole talousneuvoja, v\u00e4litt\u00e4j\u00e4 tai kauppias, ellei sit\u00e4 ole nimenomaisesti ilmoitettu ja lisensoitu toimimaan sellaisena laink\u00e4ytt\u00f6alueellasi.<\/strong> Kaikki Palvelussa annettu tieto on tarkoitettu vain tiedotustarkoituksiin eik\u00e4 muodosta taloudellista, oikeudellista tai sijoitusneuvontaa. Olet yksin vastuussa kaikista kaupank\u00e4yntip\u00e4\u00e4t\u00f6ksist\u00e4si.<\/p>\n<h2>3. K\u00e4ytt\u00e4j\u00e4tilit<\/h2>\n<h3>A. Tilin Vastuullisuus<\/h3>\n<p>Jos luot tilin Palveluumme, olet vastuussa tilisi ja salasanasi luottamuksellisuuden yll\u00e4pit\u00e4misest\u00e4, mukaan lukien mutta ei rajoittuen p\u00e4\u00e4syn rajoittamiseen tietokoneellesi ja\/tai tilillesi. Sitoudut ottamaan vastuun kaikista toimista, jotka tapahtuvat tilill\u00e4si.<\/p>\n<h3>B. Tietojen Tarkkuus<\/h3>\n<p>Vakuutat, ett\u00e4 antamasi tiedot ovat aina tarkkoja, t\u00e4ydellisi\u00e4 ja ajantasaisia. Ep\u00e4tarkat, puutteelliset tai vanhentuneet tiedot voivat johtaa tilisi v\u00e4litt\u00f6m\u00e4\u00e4n lopettamiseen Palvelussa.<\/p>\n<h2>4. Immateriaalioikeudet<\/h2>\n<p>Palvelu ja sen alkuper\u00e4inen sis\u00e4lt\u00f6 (pois lukien k\u00e4ytt\u00e4jien toimittama sis\u00e4lt\u00f6), ominaisuudet ja toiminnallisuus ovat ja pysyv\u00e4t [Fortius International Trading]in ja sen lisenssinhaltijoiden yksinomaisena omaisuutena. Tavara- ja tuotemerkkimme eiv\u00e4t saa olla k\u00e4yt\u00f6ss\u00e4 ilman [Fortius International Trading]in etuk\u00e4teen antamaa kirjallista suostumusta.<\/p>\n<h2>5. Kielletty K\u00e4ytt\u00e4ytyminen<\/h2>\n<p>Sitoudut olemaan k\u00e4ytt\u00e4m\u00e4tt\u00e4 Palvelua mihink\u00e4\u00e4n tarkoitukseen, joka on kielletty n\u00e4iden Ehtojen tai sovellettavan lain nojalla. Kielletty k\u00e4ytt\u00e4ytyminen sis\u00e4lt\u00e4\u00e4, mutta ei rajoitu seuraaviin:<\/p>\n<ul>\n<li>Osallistuminen petolliseen, herjaavaan tai harhaanjohtavaan toimintaan.<\/li>\n<li>Yritys h\u00e4irit\u00e4 Palvelun asianmukaista toimintaa.<\/li>\n<li>Palvelun k\u00e4ytt\u00e4minen roskapostin, virusten tai mink\u00e4 tahansa teknologisesti haitallisen materiaalin l\u00e4hett\u00e4miseen.<\/li>\n<li>Yritys saada luvaton p\u00e4\u00e4sy mihin tahansa osaan Palvelua tai sen tietoihin.<\/li>\n<\/ul>\n<h2>6. Vastuunrajoitus<\/h2>\n<p>Miss\u00e4\u00e4n tapauksessa [Fortius International Trading] tai sen johtajat, ty\u00f6ntekij\u00e4t, kumppanit, edustajat, toimittajat tai tyt\u00e4ryhti\u00f6t eiv\u00e4t ole vastuussa mist\u00e4\u00e4n ep\u00e4suorista, satunnaisista, erityisist\u00e4, v\u00e4lillisist\u00e4 tai rangaistuksellisista vahingoista, mukaan lukien rajoituksetta voittojen, tietojen, k\u00e4yt\u00f6n, goodwillin tai muiden aineettomien menetysten menetykset, jotka johtuvat:<\/p>\n<ul>\n<li>P\u00e4\u00e4syst\u00e4si tai k\u00e4yt\u00f6st\u00e4si tai kyvytt\u00f6myydest\u00e4si k\u00e4ytt\u00e4\u00e4 Palvelua.<\/li>\n<li>Kolmannen osapuolen toiminnasta tai sis\u00e4ll\u00f6st\u00e4 Palvelussa.<\/li>\n<li>Luvattomasta p\u00e4\u00e4syst\u00e4, k\u00e4yt\u00f6st\u00e4 tai sis\u00e4lt\u00f6si tai l\u00e4hetyksiesi muuttamisesta.<\/li>\n<\/ul>\n<h2>7. Sovellettava Laki<\/h2>\n<p>N\u00e4it\u00e4 Ehtoja s\u00e4\u00e4nnell\u00e4\u00e4n ja tulkitaan <strong>[Lis\u00e4\u00e4 Sovellettava Laink\u00e4ytt\u00f6alue, esim. New Yorkin osavaltio, USA]<\/strong> lakien mukaisesti, ottamatta huomioon sen lainvalintas\u00e4\u00e4nn\u00f6ksi\u00e4.<\/p>\n<h2>8. Sopimuksen P\u00e4\u00e4tt\u00e4minen<\/h2>\n<p>Voimme lopettaa tai keskeytt\u00e4\u00e4 tilisi ja est\u00e4\u00e4 p\u00e4\u00e4syn Palveluun v\u00e4litt\u00f6m\u00e4sti, ilman ennakkoilmoitusta tai vastuuta, oman harkintamme mukaan, mist\u00e4 tahansa syyst\u00e4 ja ilman rajoituksia, mukaan lukien mutta ei rajoittuen Ehtojen rikkomiseen.<\/p>\n<h2>9. Ehtojen Muutokset<\/h2>\n<p>Pid\u00e4t\u00e4mme oikeuden, oman harkintamme mukaan, muuttaa tai korvata n\u00e4it\u00e4 Ehtoja milloin tahansa. Annamme v\u00e4hint\u00e4\u00e4n 30 p\u00e4iv\u00e4n ilmoituksen ennen uusien ehtojen voimaantuloa. Jatkamalla Palvelumme k\u00e4ytt\u00f6\u00e4 tai p\u00e4\u00e4sy\u00e4 siihen, kun muutokset tulevat voimaan, sitoudut noudattamaan muutettuja ehtoja.<\/p>\n<h2>10. Yhteystiedot<\/h2>\n<p>Jos sinulla on kysytt\u00e4v\u00e4\u00e4 n\u00e4ist\u00e4 Ehdoista, ota meihin yhteytt\u00e4 osoitteessa:<\/p>\n<ul>\n<li><strong>S\u00e4hk\u00f6posti:<\/strong> <strong>info@fortius.asia<\/strong><\/li>\n<\/ul>\n<p>[\/et_pb_text][\/et_pb_column][\/et_pb_row][\/et_pb_section]<\/p>\n","protected":false},"excerpt":{"rendered":"<p>K\u00e4ytt\u00f6ehdotPalvelun k\u00e4ytt\u00f6ehdot Viimeksi p\u00e4ivitetty: 17. lokakuuta 2025 Lue n\u00e4m\u00e4 k\u00e4ytt\u00f6ehdot (&#8220;Ehdot&#8221;, &#8220;Palvelun ehdot&#8221;) huolellisesti ennen kuin k\u00e4yt\u00e4t verkkosivustoa Fortius.asia (&#8220;Palvelu&#8221;), jota yll\u00e4pit\u00e4\u00e4 Fortius International Trading (&#8220;me&#8221;, &#8220;meit\u00e4&#8221; tai &#8220;meid\u00e4n&#8221;). P\u00e4\u00e4sysi ja k\u00e4ytt\u00f6si Palveluun on ehdollinen n\u00e4iden Ehtojen hyv\u00e4ksymiselle ja noudattamiselle. N\u00e4m\u00e4 Ehdot koskevat kaikkia vierailijoita, k\u00e4ytt\u00e4ji\u00e4 ja muita, jotka haluavat k\u00e4ytt\u00e4\u00e4 Palvelua. 1. Sopimus Ehtoihin [&hellip;]<\/p>\n","protected":false},"author":1,"featured_media":0,"parent":0,"menu_order":0,"comment_status":"closed","ping_status":"closed","template":"","meta":{"nf_dc_page":"","_et_pb_use_builder":"on","_et_pb_old_content":"","_et_gb_content_width":"","om_disable_all_campaigns":false,"_monsterinsights_skip_tracking":false,"_monsterinsights_sitenote_active":false,"_monsterinsights_sitenote_note":"","_monsterinsights_sitenote_category":0,"footnotes":""},"class_list":["post-782","page","type-page","status-publish","hentry"],"yoast_head":"<!-- This site is optimized with the Yoast SEO plugin v27.4 - https:\/\/yoast.com\/product\/yoast-seo-wordpress\/ -->\n<title>K\u00e4ytt\u00f6ehdot | Fortius International Trading<\/title>\n<meta name=\"robots\" content=\"index, follow, max-snippet:-1, max-image-preview:large, max-video-preview:-1\" \/>\n<link rel=\"canonical\" href=\"https:\/\/fortius.asia\/fi\/kayttoehdot\/\" \/>\n<meta property=\"og:locale\" content=\"fi_FI\" \/>\n<meta property=\"og:type\" content=\"article\" \/>\n<meta property=\"og:title\" content=\"K\u00e4ytt\u00f6ehdot | Fortius International Trading\" \/>\n<meta property=\"og:description\" content=\"K\u00e4ytt\u00f6ehdotPalvelun k\u00e4ytt\u00f6ehdot Viimeksi p\u00e4ivitetty: 17. lokakuuta 2025 Lue n\u00e4m\u00e4 k\u00e4ytt\u00f6ehdot (&quot;Ehdot&quot;, &quot;Palvelun ehdot&quot;) huolellisesti ennen kuin k\u00e4yt\u00e4t verkkosivustoa Fortius.asia (&quot;Palvelu&quot;), jota yll\u00e4pit\u00e4\u00e4 Fortius International Trading (&quot;me&quot;, &quot;meit\u00e4&quot; tai &quot;meid\u00e4n&quot;). P\u00e4\u00e4sysi ja k\u00e4ytt\u00f6si Palveluun on ehdollinen n\u00e4iden Ehtojen hyv\u00e4ksymiselle ja noudattamiselle. N\u00e4m\u00e4 Ehdot koskevat kaikkia vierailijoita, k\u00e4ytt\u00e4ji\u00e4 ja muita, jotka haluavat k\u00e4ytt\u00e4\u00e4 Palvelua. 1. Sopimus Ehtoihin [&hellip;]\" \/>\n<meta property=\"og:url\" content=\"https:\/\/fortius.asia\/fi\/kayttoehdot\/\" \/>\n<meta property=\"og:site_name\" content=\"Fortius International Trading\" \/>\n<meta property=\"article:modified_time\" content=\"2025-11-04T20:08:17+00:00\" \/>\n<meta property=\"og:image\" content=\"https:\/\/i0.wp.com\/fortius.asia\/wp-content\/uploads\/2026\/01\/cropped-fa-icon.png?fit=512%2C512&ssl=1\" \/>\n\t<meta property=\"og:image:width\" content=\"512\" \/>\n\t<meta property=\"og:image:height\" content=\"512\" \/>\n\t<meta property=\"og:image:type\" content=\"image\/png\" \/>\n<meta name=\"twitter:card\" content=\"summary_large_image\" \/>\n<meta name=\"twitter:label1\" content=\"Arvioitu lukuaika\" \/>\n\t<meta name=\"twitter:data1\" content=\"4 minuuttia\" \/>\n<script type=\"application\/ld+json\" class=\"yoast-schema-graph\">{\"@context\":\"https:\\\/\\\/schema.org\",\"@graph\":[{\"@type\":\"WebPage\",\"@id\":\"https:\\\/\\\/fortius.asia\\\/fi\\\/kayttoehdot\\\/\",\"url\":\"https:\\\/\\\/fortius.asia\\\/fi\\\/kayttoehdot\\\/\",\"name\":\"K\u00e4ytt\u00f6ehdot | Fortius International Trading\",\"isPartOf\":{\"@id\":\"https:\\\/\\\/fortius.asia\\\/fi\\\/#website\"},\"datePublished\":\"2025-10-17T08:32:34+00:00\",\"dateModified\":\"2025-11-04T20:08:17+00:00\",\"breadcrumb\":{\"@id\":\"https:\\\/\\\/fortius.asia\\\/fi\\\/kayttoehdot\\\/#breadcrumb\"},\"inLanguage\":\"fi\",\"potentialAction\":[{\"@type\":\"ReadAction\",\"target\":[\"https:\\\/\\\/fortius.asia\\\/fi\\\/kayttoehdot\\\/\"]}]},{\"@type\":\"BreadcrumbList\",\"@id\":\"https:\\\/\\\/fortius.asia\\\/fi\\\/kayttoehdot\\\/#breadcrumb\",\"itemListElement\":[{\"@type\":\"ListItem\",\"position\":1,\"name\":\"Home\",\"item\":\"https:\\\/\\\/fortius.asia\\\/fi\\\/\"},{\"@type\":\"ListItem\",\"position\":2,\"name\":\"K\u00e4ytt\u00f6ehdot\"}]},{\"@type\":\"WebSite\",\"@id\":\"https:\\\/\\\/fortius.asia\\\/fi\\\/#website\",\"url\":\"https:\\\/\\\/fortius.asia\\\/fi\\\/\",\"name\":\"Fortius International Trading\",\"description\":\"Reliable Sourcing |  Smart Customization | Global Reach\",\"publisher\":{\"@id\":\"https:\\\/\\\/fortius.asia\\\/fi\\\/#organization\"},\"alternateName\":\"Fortius International Trading\",\"potentialAction\":[{\"@type\":\"SearchAction\",\"target\":{\"@type\":\"EntryPoint\",\"urlTemplate\":\"https:\\\/\\\/fortius.asia\\\/fi\\\/?s={search_term_string}\"},\"query-input\":{\"@type\":\"PropertyValueSpecification\",\"valueRequired\":true,\"valueName\":\"search_term_string\"}}],\"inLanguage\":\"fi\"},{\"@type\":\"Organization\",\"@id\":\"https:\\\/\\\/fortius.asia\\\/fi\\\/#organization\",\"name\":\"Fortius International Trading\",\"alternateName\":\"Fortius International Trading\",\"url\":\"https:\\\/\\\/fortius.asia\\\/fi\\\/\",\"logo\":{\"@type\":\"ImageObject\",\"inLanguage\":\"fi\",\"@id\":\"https:\\\/\\\/fortius.asia\\\/fi\\\/#\\\/schema\\\/logo\\\/image\\\/\",\"url\":\"https:\\\/\\\/i0.wp.com\\\/fortius.asia\\\/wp-content\\\/uploads\\\/2026\\\/01\\\/logo-fortis.jpg?fit=512%2C512&ssl=1\",\"contentUrl\":\"https:\\\/\\\/i0.wp.com\\\/fortius.asia\\\/wp-content\\\/uploads\\\/2026\\\/01\\\/logo-fortis.jpg?fit=512%2C512&ssl=1\",\"width\":512,\"height\":512,\"caption\":\"Fortius International Trading\"},\"image\":{\"@id\":\"https:\\\/\\\/fortius.asia\\\/fi\\\/#\\\/schema\\\/logo\\\/image\\\/\"}}]}<\/script>\n<!-- \/ Yoast SEO plugin. -->","yoast_head_json":{"title":"K\u00e4ytt\u00f6ehdot | Fortius International Trading","robots":{"index":"index","follow":"follow","max-snippet":"max-snippet:-1","max-image-preview":"max-image-preview:large","max-video-preview":"max-video-preview:-1"},"canonical":"https:\/\/fortius.asia\/fi\/kayttoehdot\/","og_locale":"fi_FI","og_type":"article","og_title":"K\u00e4ytt\u00f6ehdot | Fortius International Trading","og_description":"K\u00e4ytt\u00f6ehdotPalvelun k\u00e4ytt\u00f6ehdot Viimeksi p\u00e4ivitetty: 17. lokakuuta 2025 Lue n\u00e4m\u00e4 k\u00e4ytt\u00f6ehdot (\"Ehdot\", \"Palvelun ehdot\") huolellisesti ennen kuin k\u00e4yt\u00e4t verkkosivustoa Fortius.asia (\"Palvelu\"), jota yll\u00e4pit\u00e4\u00e4 Fortius International Trading (\"me\", \"meit\u00e4\" tai \"meid\u00e4n\"). P\u00e4\u00e4sysi ja k\u00e4ytt\u00f6si Palveluun on ehdollinen n\u00e4iden Ehtojen hyv\u00e4ksymiselle ja noudattamiselle. N\u00e4m\u00e4 Ehdot koskevat kaikkia vierailijoita, k\u00e4ytt\u00e4ji\u00e4 ja muita, jotka haluavat k\u00e4ytt\u00e4\u00e4 Palvelua. 1. Sopimus Ehtoihin [&hellip;]","og_url":"https:\/\/fortius.asia\/fi\/kayttoehdot\/","og_site_name":"Fortius International Trading","article_modified_time":"2025-11-04T20:08:17+00:00","og_image":[{"width":512,"height":512,"url":"https:\/\/i0.wp.com\/fortius.asia\/wp-content\/uploads\/2026\/01\/cropped-fa-icon.png?fit=512%2C512&ssl=1","type":"image\/png"}],"twitter_card":"summary_large_image","twitter_misc":{"Arvioitu lukuaika":"4 minuuttia"},"schema":{"@context":"https:\/\/schema.org","@graph":[{"@type":"WebPage","@id":"https:\/\/fortius.asia\/fi\/kayttoehdot\/","url":"https:\/\/fortius.asia\/fi\/kayttoehdot\/","name":"K\u00e4ytt\u00f6ehdot | Fortius International Trading","isPartOf":{"@id":"https:\/\/fortius.asia\/fi\/#website"},"datePublished":"2025-10-17T08:32:34+00:00","dateModified":"2025-11-04T20:08:17+00:00","breadcrumb":{"@id":"https:\/\/fortius.asia\/fi\/kayttoehdot\/#breadcrumb"},"inLanguage":"fi","potentialAction":[{"@type":"ReadAction","target":["https:\/\/fortius.asia\/fi\/kayttoehdot\/"]}]},{"@type":"BreadcrumbList","@id":"https:\/\/fortius.asia\/fi\/kayttoehdot\/#breadcrumb","itemListElement":[{"@type":"ListItem","position":1,"name":"Home","item":"https:\/\/fortius.asia\/fi\/"},{"@type":"ListItem","position":2,"name":"K\u00e4ytt\u00f6ehdot"}]},{"@type":"WebSite","@id":"https:\/\/fortius.asia\/fi\/#website","url":"https:\/\/fortius.asia\/fi\/","name":"Fortius International Trading","description":"Reliable Sourcing |  Smart Customization | Global Reach","publisher":{"@id":"https:\/\/fortius.asia\/fi\/#organization"},"alternateName":"Fortius International Trading","potentialAction":[{"@type":"SearchAction","target":{"@type":"EntryPoint","urlTemplate":"https:\/\/fortius.asia\/fi\/?s={search_term_string}"},"query-input":{"@type":"PropertyValueSpecification","valueRequired":true,"valueName":"search_term_string"}}],"inLanguage":"fi"},{"@type":"Organization","@id":"https:\/\/fortius.asia\/fi\/#organization","name":"Fortius International Trading","alternateName":"Fortius International Trading","url":"https:\/\/fortius.asia\/fi\/","logo":{"@type":"ImageObject","inLanguage":"fi","@id":"https:\/\/fortius.asia\/fi\/#\/schema\/logo\/image\/","url":"https:\/\/i0.wp.com\/fortius.asia\/wp-content\/uploads\/2026\/01\/logo-fortis.jpg?fit=512%2C512&ssl=1","contentUrl":"https:\/\/i0.wp.com\/fortius.asia\/wp-content\/uploads\/2026\/01\/logo-fortis.jpg?fit=512%2C512&ssl=1","width":512,"height":512,"caption":"Fortius International Trading"},"image":{"@id":"https:\/\/fortius.asia\/fi\/#\/schema\/logo\/image\/"}}]}},"jetpack_sharing_enabled":true,"_links":{"self":[{"href":"https:\/\/fortius.asia\/fi\/wp-json\/wp\/v2\/pages\/782","targetHints":{"allow":["GET"]}}],"collection":[{"href":"https:\/\/fortius.asia\/fi\/wp-json\/wp\/v2\/pages"}],"about":[{"href":"https:\/\/fortius.asia\/fi\/wp-json\/wp\/v2\/types\/page"}],"author":[{"embeddable":true,"href":"https:\/\/fortius.asia\/fi\/wp-json\/wp\/v2\/users\/1"}],"replies":[{"embeddable":true,"href":"https:\/\/fortius.asia\/fi\/wp-json\/wp\/v2\/comments?post=782"}],"version-history":[{"count":0,"href":"https:\/\/fortius.asia\/fi\/wp-json\/wp\/v2\/pages\/782\/revisions"}],"wp:attachment":[{"href":"https:\/\/fortius.asia\/fi\/wp-json\/wp\/v2\/media?parent=782"}],"curies":[{"name":"wp","href":"https:\/\/api.w.org\/{rel}","templated":true}]}}